{"id":2064,"date":"2024-01-28T19:25:20","date_gmt":"2024-01-28T19:25:20","guid":{"rendered":"https:\/\/diversityinmath.ssmu.ca\/?page_id=2064"},"modified":"2024-11-07T10:09:24","modified_gmt":"2024-11-07T10:09:24","slug":"events-2","status":"publish","type":"page","link":"https:\/\/diversityinmath.ssmu.ca\/fr\/events-2\/","title":{"rendered":"\u00c9v\u00e9nements"},"content":{"rendered":"<div class=\"wp-block-group alignwide has-background\" style=\"background-color:#ffffff\"><div class=\"wp-block-group__inner-container is-layout-flow wp-block-group-is-layout-flow\">\n<p>Bienvenue aux pages des \u00e9v\u00e9nements! D\u00e9couvrez toutes les choses int\u00e9ressantes que fait notre club et comment vous pouvez y participer !<\/p>\n\n\n\n<p class=\"has-text-align-center\"><strong>Sections:<\/strong><\/p>\n\n\n\n<p class=\"has-text-align-center\"><a href=\"http:\/\/diversityinmath.ssmu.ca\/fr\/general-events\/\" data-type=\"link\" data-id=\"diversityinmath.ssmu.ca\/general-events\">\u00c9v\u00e9nements g\u00e9n\u00e9rals<\/a><\/p>\n\n\n\n<p class=\"has-text-align-center\"><a href=\"https:\/\/diversityinmath.ssmu.ca\/fr\/math-make-way\/\">Math Make Way<\/a><\/p>\n<\/div><\/div>","protected":false},"excerpt":{"rendered":"<p>Welcome to the Events pages! Learn about all of the cool things that our club does and how you can participate! Sections: General Events Math Make Way<\/p>","protected":false},"author":2,"featured_media":0,"parent":0,"menu_order":0,"comment_status":"closed","ping_status":"closed","template":"","meta":{"inline_featured_image":false,"_monsterinsights_skip_tracking":false,"_monsterinsights_sitenote_active":false,"_monsterinsights_sitenote_note":"","_monsterinsights_sitenote_category":0,"footnotes":""},"class_list":["post-2064","page","type-page","status-publish","hentry"],"_links":{"self":[{"href":"https:\/\/diversityinmath.ssmu.ca\/fr\/wp-json\/wp\/v2\/pages\/2064","targetHints":{"allow":["GET"]}}],"collection":[{"href":"https:\/\/diversityinmath.ssmu.ca\/fr\/wp-json\/wp\/v2\/pages"}],"about":[{"href":"https:\/\/diversityinmath.ssmu.ca\/fr\/wp-json\/wp\/v2\/types\/page"}],"author":[{"embeddable":true,"href":"https:\/\/diversityinmath.ssmu.ca\/fr\/wp-json\/wp\/v2\/users\/2"}],"replies":[{"embeddable":true,"href":"https:\/\/diversityinmath.ssmu.ca\/fr\/wp-json\/wp\/v2\/comments?post=2064"}],"version-history":[{"count":4,"href":"https:\/\/diversityinmath.ssmu.ca\/fr\/wp-json\/wp\/v2\/pages\/2064\/revisions"}],"predecessor-version":[{"id":2320,"href":"https:\/\/diversityinmath.ssmu.ca\/fr\/wp-json\/wp\/v2\/pages\/2064\/revisions\/2320"}],"wp:attachment":[{"href":"https:\/\/diversityinmath.ssmu.ca\/fr\/wp-json\/wp\/v2\/media?parent=2064"}],"curies":[{"name":"wp","href":"https:\/\/api.w.org\/{rel}","templated":true}]}}