{"id":2009,"date":"2024-01-25T22:33:50","date_gmt":"2024-01-25T22:33:50","guid":{"rendered":"https:\/\/diversityinmath.ssmu.ca\/?page_id=2009"},"modified":"2024-03-24T04:38:53","modified_gmt":"2024-03-24T04:38:53","slug":"conference-reports","status":"publish","type":"page","link":"https:\/\/diversityinmath.ssmu.ca\/fr\/conference-reports\/","title":{"rendered":"Conference Reports"},"content":{"rendered":"<div class=\"wp-block-group alignwide has-background\" style=\"background-color:#ffffff\"><div class=\"wp-block-group__inner-container is-layout-flow wp-block-group-is-layout-flow\">\n<p>Ever been curious about what happens at conferences? This page features the experiences of various students who have attended a math conference!<\/p>\n\n\n\n<p>If you are curious to learn more about one of the conferences presented below, feel free to reach out to us at&nbsp;<a href=\"mailto:diversityinmath@ssmu.ca\" target=\"_blank\" rel=\"noreferrer noopener\">diversityinmath@ssmu.ca<\/a>&nbsp;and we will forward your message to the student who wrote the report.<\/p>\n\n\n\n<p>Have you attended any cool conferences recently and would like to share your experience to inspire other students? Fill out <a href=\"https:\/\/forms.gle\/qqiL8up1em8742u68\" data-type=\"link\" data-id=\"https:\/\/forms.gle\/qqiL8up1em8742u68\" target=\"_blank\" rel=\"noreferrer noopener\">this submission form<\/a> to tell us all about it!<\/p>\n\n\n\n<div class=\"wp-block-group\"><div class=\"wp-block-group__inner-container is-layout-constrained wp-block-group-is-layout-constrained\">\n<div class=\"wp-block-columns is-layout-flex wp-container-core-columns-is-layout-9d6595d7 wp-block-columns-is-layout-flex\">\n<div class=\"wp-block-column is-layout-flow wp-block-column-is-layout-flow\" style=\"flex-basis:100%\">\n<div class=\"wp-block-group alignwide\"><div class=\"wp-block-group__inner-container is-layout-constrained wp-block-group-is-layout-constrained\">\n<div class=\"wp-block-group alignwide\"><div class=\"wp-block-group__inner-container is-layout-constrained wp-block-group-is-layout-constrained\"><ul class=\"wp-block-latest-posts__list is-grid columns-2 has-dates alignwide wp-block-latest-posts\"><li><a class=\"wp-block-latest-posts__post-title\" href=\"https:\/\/diversityinmath.ssmu.ca\/fr\/2024\/01\/05\/summ-2024-allison\/\">SUMM 2024 &#8211; Allison<\/a><time datetime=\"2024-01-05T03:30:00+00:00\" class=\"wp-block-latest-posts__post-date\">January 5, 2024<\/time><div class=\"wp-block-latest-posts__post-excerpt\">Les s\u00e9minaires universitaires en math\u00e9matiques \u00e0 Montr\u00e9al 2024. UQAM, Montreal.<\/div><\/li>\n<li><a class=\"wp-block-latest-posts__post-title\" href=\"https:\/\/diversityinmath.ssmu.ca\/fr\/2023\/11\/06\/slmath-2023-april\/\">SLMath 2023 &#8211; April<\/a><time datetime=\"2023-11-06T03:55:00+00:00\" class=\"wp-block-latest-posts__post-date\">November 6, 2023<\/time><div class=\"wp-block-latest-posts__post-excerpt\">SLMath: Algorithms, Approximation, and Learning in Market and Mechanism Design 2023. UC Berkeley, United States. <\/div><\/li>\n<li><a class=\"wp-block-latest-posts__post-title\" href=\"https:\/\/diversityinmath.ssmu.ca\/fr\/2023\/09\/24\/hlf-2023-agnes\/\">HLF 2023 &#8211; Agnes<\/a><time datetime=\"2023-09-24T03:19:00+00:00\" class=\"wp-block-latest-posts__post-date\">September 24, 2023<\/time><div class=\"wp-block-latest-posts__post-excerpt\">Heidelberg Laureate Forum 2023. Heidelberg, Germany.<\/div><\/li>\n<li><a class=\"wp-block-latest-posts__post-title\" href=\"https:\/\/diversityinmath.ssmu.ca\/fr\/2023\/06\/19\/cumc-2023-sara-2\/\">CUMC 2023 &#8211; Sara<\/a><time datetime=\"2023-06-19T02:53:00+00:00\" class=\"wp-block-latest-posts__post-date\">June 19, 2023<\/time><div class=\"wp-block-latest-posts__post-excerpt\">Canadian Undergraduate Mathematics Conference 2023. University of Toronto, Ontario.<\/div><\/li>\n<li><a class=\"wp-block-latest-posts__post-title\" href=\"https:\/\/diversityinmath.ssmu.ca\/fr\/2023\/05\/19\/ias-women-and-mathematics-ria\/\">IAS Women+ and Mathematics &#8211; Ria<\/a><time datetime=\"2023-05-19T03:43:00+00:00\" class=\"wp-block-latest-posts__post-date\">May 19, 2023<\/time><div class=\"wp-block-latest-posts__post-excerpt\">IAS Women+ and Mathematics. The Institute for Advanced Studies, Princeton, NJ.<\/div><\/li>\n<\/ul><\/div><\/div>\n<\/div><\/div>\n<\/div>\n<\/div>\n<\/div><\/div>\n<\/div><\/div>","protected":false},"excerpt":{"rendered":"<p>Ever been curious about what happens at conferences? This page features the experiences of various students who have attended a math conference! If you are curious to learn more about one of the conferences presented below, feel free to reach out to us at&nbsp;diversityinmath@ssmu.ca&nbsp;and we will forward your message to the student who wrote the [&hellip;]<\/p>\n","protected":false},"author":2,"featured_media":0,"parent":0,"menu_order":0,"comment_status":"closed","ping_status":"closed","template":"","meta":{"inline_featured_image":false,"_monsterinsights_skip_tracking":false,"_monsterinsights_sitenote_active":false,"_monsterinsights_sitenote_note":"","_monsterinsights_sitenote_category":0,"footnotes":""},"class_list":["post-2009","page","type-page","status-publish","hentry"],"_links":{"self":[{"href":"https:\/\/diversityinmath.ssmu.ca\/fr\/wp-json\/wp\/v2\/pages\/2009","targetHints":{"allow":["GET"]}}],"collection":[{"href":"https:\/\/diversityinmath.ssmu.ca\/fr\/wp-json\/wp\/v2\/pages"}],"about":[{"href":"https:\/\/diversityinmath.ssmu.ca\/fr\/wp-json\/wp\/v2\/types\/page"}],"author":[{"embeddable":true,"href":"https:\/\/diversityinmath.ssmu.ca\/fr\/wp-json\/wp\/v2\/users\/2"}],"replies":[{"embeddable":true,"href":"https:\/\/diversityinmath.ssmu.ca\/fr\/wp-json\/wp\/v2\/comments?post=2009"}],"version-history":[{"count":9,"href":"https:\/\/diversityinmath.ssmu.ca\/fr\/wp-json\/wp\/v2\/pages\/2009\/revisions"}],"predecessor-version":[{"id":2242,"href":"https:\/\/diversityinmath.ssmu.ca\/fr\/wp-json\/wp\/v2\/pages\/2009\/revisions\/2242"}],"wp:attachment":[{"href":"https:\/\/diversityinmath.ssmu.ca\/fr\/wp-json\/wp\/v2\/media?parent=2009"}],"curies":[{"name":"wp","href":"https:\/\/api.w.org\/{rel}","templated":true}]}}