{"id":2001,"date":"2024-01-25T22:23:31","date_gmt":"2024-01-25T22:23:31","guid":{"rendered":"https:\/\/diversityinmath.ssmu.ca\/?page_id=2001"},"modified":"2025-11-21T17:23:05","modified_gmt":"2025-11-21T17:23:05","slug":"general-resources","status":"publish","type":"page","link":"https:\/\/diversityinmath.ssmu.ca\/fr\/general-resources\/","title":{"rendered":"General Resources"},"content":{"rendered":"<div class=\"wp-block-group alignwide has-background\" style=\"background-color:#ffffff\"><div class=\"wp-block-group__inner-container is-layout-flow wp-block-group-is-layout-flow\">\n<p>Welcome to the General Resources page for everything math-related! Feel free to <a href=\"https:\/\/diversityinmath.ssmu.ca\/fr\/contact\/\">nous contacter<\/a> if you have any questions or concerns. Also, let us know if you have suggestions for math events\/opportunities to add to this page!<\/p>\n\n\n\n<p><strong>Aller \u00e0 une section\u00a0: <\/strong><\/p>\n\n\n\n<p class=\"has-text-align-center\"><a href=\"#advising-and-support\"> Advising, Mentorship and Support<\/a><\/p>\n\n\n\n<p class=\"has-text-align-center\"><a href=\"#get-involved\">Get Involved<\/a><\/p>\n\n\n\n<p class=\"has-text-align-center\"><a href=\"https:\/\/diversityinmath.ssmu.ca\/fr\/resources\/how-to-read-a-math-paper\/\">How to read a Math Paper<\/a><\/p>\n\n\n\n<p class=\"has-text-align-center\"><a href=\"#opportunities\" data-type=\"internal\" data-id=\"#opportunities\">Research Grants &amp; Conferences<\/a><\/p>\n\n\n\n<p class=\"has-text-align-center\"><em><a href=\"#other\">Autres clubs et pages de ressources<\/a><\/em><\/p>\n\n\n\n<p class=\"has-text-align-center\"><em><a href=\"#fun-with-math\">S'amuser avec les maths<\/a><\/em><\/p>\n<\/div><\/div>\n\n\n\n<div class=\"wp-block-group alignwide has-background\" style=\"background-color:#ffffff\"><div class=\"wp-block-group__inner-container is-layout-flow wp-block-group-is-layout-flow\">\n<hr class=\"wp-block-separator has-alpha-channel-opacity\" id=\"advising-and-support\"\/>\n\n\n\n<h3 class=\"wp-block-heading\">Advising, Mentorship and Support<\/h3>\n\n\n\n<div class=\"wp-block-columns is-layout-flex wp-container-core-columns-is-layout-9d6595d7 wp-block-columns-is-layout-flex\">\n<div class=\"wp-block-column is-layout-flow wp-block-column-is-layout-flow\">\n<h5 class=\"wp-block-heading\">Conseil acad\u00e9mique et mentorat<\/h5>\n\n\n\n<ul class=\"wp-block-list has-small-font-size\">\n<li><a rel=\"noreferrer noopener\" href=\"https:\/\/www.mcgill.ca\/mathstat\/undergraduate\/advising\" target=\"_blank\">Undergraduate Advising in Mathematics and Statistics at McGill<\/a><\/li>\n\n\n\n<li><a href=\"https:\/\/www.mcgill.ca\/ose\/initiatives\/scilearn\/scilearn-peer-collaboration\" target=\"_blank\" rel=\"noreferrer noopener\">SciLearn Peer Collaboration<\/a> (first year group study with TAs and TEAM students)<\/li>\n\n\n\n<li><a rel=\"noreferrer noopener\" href=\"https:\/\/www.stemmdiversity.com\/mentorship\" target=\"_blank\">Diversity in STEMM at McGill Mentorship Program<\/a><\/li>\n\n\n\n<li><a href=\"https:\/\/www.math.mcgill.ca\/gsams\/drp\/\" target=\"_blank\" rel=\"noreferrer noopener\">McGill Directed Reading Program<\/a> (mentorship program, to learn about research in math &amp; stats)<\/li>\n\n\n\n<li><a rel=\"noreferrer noopener\" href=\"https:\/\/awm-math.org\/programs\/mentor-network\/\" target=\"_blank\">Association for Women in Mathematics (AWM) Mentor Network<\/a><\/li>\n<\/ul>\n\n\n\n<p><strong>Helpdesks<\/strong><\/p>\n\n\n\n<ul class=\"wp-block-list has-small-font-size\">\n<li><a href=\"https:\/\/www.facebook.com\/burnside911\" target=\"_blank\" rel=\"noreferrer noopener\">Burnside911 Math Helpdesk<\/a><\/li>\n\n\n\n<li><a href=\"https:\/\/www.mcgill.ca\/mathstat\/files\/mathstat\/sos_helpdesk_poster_1_2.pdf\" data-type=\"link\" data-id=\"https:\/\/www.mcgill.ca\/mathstat\/files\/mathstat\/sos_helpdesk_poster_1_2.pdf\" target=\"_blank\" rel=\"noreferrer noopener\">SOS (Statistics Online for Students) Helpdesk<\/a><\/li>\n\n\n\n<li><a rel=\"noreferrer noopener\" href=\"https:\/\/mcgill-csus.ca\/helpdesk\" target=\"_blank\">Computer Science Undergraduate Society (CSUS) Helpdesk<\/a><\/li>\n<\/ul>\n<\/div>\n\n\n\n<div class=\"wp-block-column is-layout-flow wp-block-column-is-layout-flow\">\n<h5 class=\"wp-block-heading\">Soutien<\/h5>\n\n\n\n<ul class=\"wp-block-list has-small-font-size\">\n<li><a href=\"https:\/\/www.mcgill.ca\/equity\/\" data-type=\"URL\" data-id=\"https:\/\/www.mcgill.ca\/equity\/\">Equity at McGill<\/a><\/li>\n\n\n\n<li><a href=\"https:\/\/www.mcgill.ca\/access-achieve\/\" target=\"_blank\" rel=\"noreferrer noopener\">Student Accessibility and Achievement at McGill<\/a>\n<ul class=\"wp-block-list\">\n<li><a href=\"https:\/\/www.mcgill.ca\/access-achieve\/learning\/tutoring\" data-type=\"link\" data-id=\"https:\/\/www.mcgill.ca\/access-achieve\/learning\/tutoring\" target=\"_blank\" rel=\"noreferrer noopener\">Tutor Matching Program<\/a><\/li>\n<\/ul>\n<\/li>\n\n\n\n<li><a rel=\"noreferrer noopener\" href=\"https:\/\/psc.ssmu.ca\/\" target=\"_blank\">Peer Support Centre at McGill<\/a><\/li>\n\n\n\n<li><a rel=\"noreferrer noopener\" href=\"https:\/\/www.mcgill.ca\/osvrse\/\" target=\"_blank\">Office for Sexual Violence, Response, Support, and Education (OSVRSE)<\/a><\/li>\n<\/ul>\n<\/div>\n<\/div>\n<\/div><\/div>\n\n\n\n<div class=\"wp-block-group alignwide has-background\" style=\"background-color:#ffffff\"><div class=\"wp-block-group__inner-container is-layout-constrained wp-block-group-is-layout-constrained\">\n<hr class=\"wp-block-separator has-alpha-channel-opacity\"\/>\n\n\n\n<h3 class=\"wp-block-heading\" id=\"get-involved\">Get Involved <\/h3>\n\n\n\n<h6 class=\"wp-block-heading has-small-font-size\" style=\"font-style:normal;font-weight:400\">(tutoring, mentoring, outreach)<\/h6>\n\n\n\n<div class=\"wp-block-columns is-layout-flex wp-container-core-columns-is-layout-9d6595d7 wp-block-columns-is-layout-flex\">\n<div class=\"wp-block-column is-layout-flow wp-block-column-is-layout-flow\">\n<h5 class=\"wp-block-heading\">Volunteer Opportunities<\/h5>\n\n\n\n<ul class=\"wp-block-list\">\n<li class=\"has-small-font-size\"><a href=\"https:\/\/www.mcgill.ca\/sun\/mats\/homework\/homework-zone\" data-type=\"link\" data-id=\"https:\/\/www.mcgill.ca\/sun\/mats\/homework\/homework-zone\" target=\"_blank\" rel=\"noreferrer noopener\">Homework Zone<\/a><\/li>\n\n\n\n<li class=\"has-small-font-size\"><a href=\"https:\/\/www.mcgill.ca\/branches\/programs\/tutoring-program\" data-type=\"link\" data-id=\"https:\/\/www.mcgill.ca\/branches\/programs\/tutoring-program\" target=\"_blank\" rel=\"noreferrer noopener\">The Tutoring Program<\/a><\/li>\n\n\n\n<li class=\"has-small-font-size\"><a href=\"https:\/\/www.mcgill.ca\/branches\/programs\/explore-mcgill\" data-type=\"link\" data-id=\"https:\/\/www.mcgill.ca\/branches\/programs\/explore-mcgill\" target=\"_blank\" rel=\"noreferrer noopener\">Explore McGill<\/a><\/li>\n\n\n\n<li class=\"has-small-font-size\"><a rel=\"noreferrer noopener\" href=\"https:\/\/www.stemmdiversity.com\/mentorship\" target=\"_blank\">Diversity in STEMM <\/a><a rel=\"noreferrer noopener\" href=\"https:\/\/www.stemmdiversity.com\/mentorship\" target=\"_blank\">M<\/a><a rel=\"noreferrer noopener\" href=\"https:\/\/www.stemmdiversity.com\/mentorship\" target=\"_blank\">entorship Program<\/a><\/li>\n<\/ul>\n<\/div>\n\n\n\n<div class=\"wp-block-column is-layout-flow wp-block-column-is-layout-flow\">\n<h5 class=\"wp-block-heading\">Paid Opportunities<\/h5>\n\n\n\n<ul class=\"wp-block-list\">\n<li class=\"has-small-font-size\"><a href=\"https:\/\/www.mcgill.ca\/branches\/programs\/pyp-main\/pick-your-path-black-students\" data-type=\"link\" data-id=\"https:\/\/www.mcgill.ca\/branches\/programs\/pyp-main\/pick-your-path-black-students\" target=\"_blank\" rel=\"noreferrer noopener\">Pick your Path for Black Youth<\/a><\/li>\n\n\n\n<li class=\"has-small-font-size\"><a href=\"https:\/\/www.mcgill.ca\/branches\/programs\/pyp-main\/pyp-indigenous-youth\" data-type=\"link\" data-id=\"https:\/\/www.mcgill.ca\/branches\/programs\/pyp-main\/pyp-indigenous-youth\" target=\"_blank\" rel=\"noreferrer noopener\">Pick your Path for Indigenous Youth<\/a><\/li>\n\n\n\n<li class=\"has-small-font-size\"><a href=\"https:\/\/www.mcgill.ca\/branches\/programs\/impress\" target=\"_blank\" rel=\"noreferrer noopener\">Indigenous Mentorship and Paid Research Experience for Summer Students (IMPRESS)<\/a><\/li>\n\n\n\n<li class=\"has-small-font-size\"><a href=\"https:\/\/www.math.mcgill.ca\/gsams\/drp\/\">Directed Reading Program<\/a><\/li>\n<\/ul>\n<\/div>\n<\/div>\n\n\n\n<h6 class=\"wp-block-heading has-small-font-size\" style=\"text-transform:none\"><strong>For more resources, check out <a rel=\"noreferrer noopener\" href=\"https:\/\/www.mcgill.ca\/branches\/\" target=\"_blank\">McGill Branches<\/a><\/strong><\/h6>\n<\/div><\/div>\n\n\n\n<div class=\"wp-block-group alignwide has-background\" style=\"background-color:#ffffff\"><div class=\"wp-block-group__inner-container is-layout-flow wp-block-group-is-layout-flow\">\n<hr class=\"wp-block-separator has-alpha-channel-opacity\" id=\"opportunities\"\/>\n\n\n\n<h3 class=\"wp-block-heading\">Research Grants &amp; Conferences<\/h3>\n\n\n\n<div class=\"wp-block-columns is-layout-flex wp-container-core-columns-is-layout-9d6595d7 wp-block-columns-is-layout-flex\">\n<div class=\"wp-block-column is-layout-flow wp-block-column-is-layout-flow\">\n<h5 class=\"wp-block-heading\">Bourses de recherche pour \u00e9tudiants de premier cycle \u00e0 McGill<\/h5>\n\n\n\n<ul class=\"wp-block-list has-small-font-size\">\n<li><a rel=\"noreferrer noopener\" target=\"_blank\" href=\"https:\/\/ivado.ca\/en\/scholarships-and-grants\/undergraduate-introduction-to-research-scholarships\/\">IVADO Undergraduate Introduction to Research Scholarships (Statistics, Machine Learning, Data Science)<\/a><\/li>\n\n\n\n<li><a rel=\"noreferrer noopener\" target=\"_blank\" href=\"http:\/\/ism.uqam.ca\/scholarships\/#4\">ISM Undergraduate Summer Scholarships<\/a><\/li>\n\n\n\n<li><a rel=\"noreferrer noopener\" href=\"https:\/\/www.mcgill.ca\/science\/research\/undergraduate-research\/sura\" target=\"_blank\">Science Undergraduate Research Awards (SURA)<\/a><\/li>\n\n\n\n<li>Natural Sciences and Engineering Research Council of Canada (NSERC) &#8211;<a rel=\"noreferrer noopener\" href=\"http:\/\/Natural Sciences and Engineering Research Council of Canada\" target=\"_blank\"> <\/a><a rel=\"noreferrer noopener\" href=\"https:\/\/www.mcgill.ca\/science\/research\/undergraduate-research\/nserc\" target=\"_blank\">Undergraduate Student Research Awards<\/a><\/li>\n\n\n\n<li><a rel=\"noreferrer noopener\" href=\"https:\/\/www.mcgill.ca\/arts-internships\/research\" target=\"_blank\">Arts Research Internship Award (ARIA)<\/a><\/li>\n<\/ul>\n<\/div>\n\n\n\n<div class=\"wp-block-column is-layout-flow wp-block-column-is-layout-flow\">\n<h5 class=\"wp-block-heading\">Bourses de recherche pour \u00e9tudiants dipl\u00f4m\u00e9s \u00e0 McGill<\/h5>\n\n\n\n<ul class=\"wp-block-list\">\n<li class=\"has-small-font-size\"><a rel=\"noreferrer noopener\" href=\"https:\/\/www.mcgill.ca\/research\/research\/funding\/provincial\/fonds-de-recherche-du-quebec-frq\" target=\"_blank\">Fonds de Recherche du Qu\u00e9bec &#8211; Nature et Technologies (FRQNT)<\/a><\/li>\n\n\n\n<li class=\"has-small-font-size\">Natural Sciences and Engineering Research Council of Canada (NSERC) &#8211; <a rel=\"noreferrer noopener\" href=\"https:\/\/www.mcgill.ca\/gps\/funding\/opportunities\/students\/nserc\" target=\"_blank\">Doctoral Scholarships<\/a><\/li>\n<\/ul>\n<\/div>\n<\/div>\n\n\n\n<h5 class=\"wp-block-heading\">Conf\u00e9rences<\/h5>\n\n\n\n<ul class=\"wp-block-list has-small-font-size\">\n<li><a rel=\"noreferrer noopener\" href=\"https:\/\/summ.xyz\" target=\"_blank\">Seminars on Undergraduate Mathematics in Montreal (SUMM)<\/a><\/li>\n\n\n\n<li><a href=\"https:\/\/studc.math.ca\/cumc\/\" target=\"_blank\" rel=\"noreferrer noopener\">Canadian Undergraduate Mathematics Conference (CUMC)<\/a><\/li>\n\n\n\n<li><a href=\"https:\/\/sites.duke.edu\/grow2023\/\" target=\"_blank\" rel=\"noreferrer noopener\">Graduate Research Opportunities for Women Conference (GROW)<\/a><\/li>\n\n\n\n<li><a href=\"https:\/\/ssc.ca\/en\/meetings\/annual\/2023-ssc-annual-meeting-ottawa\/eleventh-annual-canadian-statistics-student-0\" target=\"_blank\" rel=\"noreferrer noopener\">Annual Canadian Statistics Student Conference (CSSC)<\/a> <\/li>\n\n\n\n<li><a href=\"https:\/\/ymc.osu.edu\" target=\"_blank\" rel=\"noreferrer noopener\">Young Mathematicians Conference, The Ohio State University (YMC)<\/a><\/li>\n\n\n\n<li><a href=\"https:\/\/math.unl.edu\/ncuwm\" target=\"_blank\" rel=\"noreferrer noopener\">Nebraska Conference for Undergraduate Women in Mathematics (NCRC)<\/a><\/li>\n\n\n\n<li><a href=\"https:\/\/mathinstitutes.org\/diversity\/latinx-mathematical-sciences-conference\" target=\"_blank\" rel=\"noreferrer noopener\">Latinx in the Mathematical Sciences<\/a><\/li>\n\n\n\n<li><a href=\"https:\/\/www.jointmathematicsmeetings.org\/\/jmm#\" target=\"_blank\" rel=\"noreferrer noopener\">Joint Mathematics Meetings (JMM)<\/a><\/li>\n\n\n\n<li><a href=\"http:\/\/ism.uqam.ca\/Colloque-panquebecois\/en\/\" target=\"_blank\" rel=\"noreferrer noopener\">ISM Graduate Student Conference<\/a> (Graduate)<\/li>\n\n\n\n<li><a href=\"https:\/\/www.wtmmontreal.com\" target=\"_blank\" rel=\"noreferrer noopener\">Women Techmakers<\/a> (Tech)<\/li>\n\n\n\n<li><a rel=\"noreferrer noopener\" href=\"https:\/\/www.hcura.org\/about-ncrc\" target=\"_blank\">National Collegiate Research Conference (NCRC), Harvard<\/a> (Interdisciplinary)<\/li>\n<\/ul>\n<\/div><\/div>\n\n\n\n<div class=\"wp-block-group alignwide has-background\" id=\"other\" style=\"background-color:#ffffff\"><div class=\"wp-block-group__inner-container is-layout-flow wp-block-group-is-layout-flow\">\n<hr class=\"wp-block-separator has-css-opacity\"\/>\n\n\n\n<div class=\"wp-block-columns is-layout-flex wp-container-core-columns-is-layout-9d6595d7 wp-block-columns-is-layout-flex\">\n<div class=\"wp-block-column is-layout-flow wp-block-column-is-layout-flow\">\n<h3 class=\"wp-block-heading\">Autres clubs de diversit\u00e9 et maths<\/h3>\n\n\n\n<ul class=\"wp-block-list has-small-font-size\">\n<li><a href=\"https:\/\/sumsmcgill.ca\/\" data-type=\"link\" data-id=\"https:\/\/sumsmcgill.ca\/\" target=\"_blank\" rel=\"noreferrer noopener\">Society of Undergraduate Mathematics Students (SUMS) McGill <\/a>\n<ul class=\"wp-block-list\">\n<li>Discord: <a href=\"https:\/\/discord.gg\/sdDVWDn\">SUMS Lounge<\/a><\/li>\n<\/ul>\n<\/li>\n\n\n\n<li><a href=\"https:\/\/www.stemmdiversity.com\/\" data-type=\"link\" data-id=\"https:\/\/www.stemmdiversity.com\/\">STEMM Diversity at McGill<\/a><\/li>\n\n\n\n<li><a href=\"https:\/\/scientistamcgill.wordpress.com\/\" data-type=\"link\" data-id=\"https:\/\/scientistamcgill.wordpress.com\/\" target=\"_blank\" rel=\"noreferrer noopener\">Scientista &#8211; McGill Student&#8217;s Chapter<\/a><\/li>\n\n\n\n<li><a href=\"https:\/\/www.ourfa2m2.org\/\" target=\"_blank\" rel=\"noreferrer noopener\">Online Undergraduate Resource Fair for the Advancement and Alliance of Marginalized Mathematicians (OURFA<sup>2<\/sup>M<sup>2<\/sup>)<\/a><\/li>\n\n\n\n<li><a href=\"https:\/\/awm-math.org\">Association for Women in Mathematics (AWM)<\/a><\/li>\n\n\n\n<li><a href=\"https:\/\/www.ias.edu\/math\/wam\">Women and Math at the Institute for Advanced Study (IAS)<\/a><\/li>\n\n\n\n<li><a href=\"https:\/\/lists.mcgill.ca\/scripts\/wa.exe?SUBED1=MATH-EQUITY-DISCUSSION&amp;A=1\">Equity in Math Discussions at McGill<\/a> (must be on McGill VPN or on campus to access link)<\/li>\n\n\n\n<li><a href=\"https:\/\/sites.google.com\/view\/peopleonlinent\/home\">People Online in Number Theory (POINT)<\/a><\/li>\n\n\n\n<li><a href=\"https:\/\/mathisforall.com\/\">Math is For All<\/a><\/li>\n<\/ul>\n<\/div>\n\n\n\n<div class=\"wp-block-column is-layout-flow wp-block-column-is-layout-flow\">\n<h3 class=\"wp-block-heading\">Autres pages de ressources<\/h3>\n\n\n\n<ul class=\"wp-block-list has-small-font-size\">\n<li><a rel=\"noreferrer noopener\" href=\"https:\/\/www.ias.edu\/math\/wam\/resources\" target=\"_blank\">Women and Math at the Institute for Advanced Study (IAS)<\/a> <\/li>\n\n\n\n<li><a rel=\"noreferrer noopener\" href=\"https:\/\/rosaliebr.thescholr.com\/diversity\" target=\"_blank\">Rosalie B\u00e9langer-Rioux<\/a><\/li>\n<\/ul>\n<\/div>\n<\/div>\n<\/div><\/div>\n\n\n\n<div class=\"wp-block-group alignwide has-background\" style=\"background-color:#ffffff\"><div class=\"wp-block-group__inner-container is-layout-flow wp-block-group-is-layout-flow\">\n<hr class=\"wp-block-separator has-alpha-channel-opacity\" id=\"fun-with-math\"\/>\n\n\n\n<h3 class=\"wp-block-heading\">S'amuser avec les maths<\/h3>\n\n\n\n<div class=\"wp-block-columns is-layout-flex wp-container-core-columns-is-layout-9d6595d7 wp-block-columns-is-layout-flex\">\n<div class=\"wp-block-column is-layout-flow wp-block-column-is-layout-flow\">\n<h4 class=\"wp-block-heading\">Nos cha\u00eenes YouTube pr\u00e9f\u00e9r\u00e9es<\/h4>\n\n\n\n<div class=\"wp-block-group has-small-font-size\"><div class=\"wp-block-group__inner-container is-layout-constrained wp-block-group-is-layout-constrained\">\n<p class=\"has-text-align-center has-small-font-size\"> <a rel=\"noreferrer noopener\" href=\"https:\/\/youtube.com\/user\/numberphile\" data-type=\"URL\" data-id=\"https:\/\/youtube.com\/user\/numberphile\" target=\"_blank\">Numberphile<\/a><\/p>\n\n\n\n<p class=\"has-text-align-center has-small-font-size\"><a rel=\"noreferrer noopener\" href=\"https:\/\/youtube.com\/c\/3blue1brown\" data-type=\"URL\" data-id=\"https:\/\/youtube.com\/c\/3blue1brown\" target=\"_blank\">3Blue1Brown<\/a><\/p>\n\n\n\n<p class=\"has-text-align-center has-small-font-size\"><a href=\"https:\/\/youtube.com\/user\/Vihart\" data-type=\"URL\" data-id=\"https:\/\/youtube.com\/user\/Vihart\">Vihart<\/a><\/p>\n\n\n\n<p class=\"has-text-align-center has-small-font-size\"><a rel=\"noreferrer noopener\" href=\"https:\/\/youtube.com\/c\/Micmaths\" data-type=\"URL\" data-id=\"https:\/\/youtube.com\/c\/Micmaths\" target=\"_blank\">Micmaths<\/a> (Fran\u00e7ais)<\/p>\n\n\n\n<p class=\"has-text-align-center has-small-font-size\"><a rel=\"noreferrer noopener\" href=\"https:\/\/www.youtube.com\/channel\/UCYRR0SgbYH59htIHkwTbqMw\" target=\"_blank\">Math-life balance<\/a><\/p>\n<\/div><\/div>\n<\/div>\n\n\n\n<div class=\"wp-block-column is-layout-flow wp-block-column-is-layout-flow\">\n<p class=\"has-small-font-size\"><a href=\"https:\/\/www.worldcubeassociation.org\/competitions?region=Canada&amp;search=&amp;state=present&amp;year=all+years&amp;from_date=&amp;to_date=&amp;delegate=&amp;display=list\">Speed Cubing<\/a><\/p>\n\n\n\n<p><a href=\"https:\/\/drive.google.com\/open?id=1A_ptVHkdv1SvXLaobdbRletUKVxLpGFD\">Mobius Strip Crochet Pattern<\/a><\/p>\n<\/div>\n<\/div>\n<\/div><\/div>","protected":false},"excerpt":{"rendered":"<p>Welcome to the General Resources page for everything math-related! Feel free to reach out to us if you have any questions or concerns. Also, let us know if you have suggestions for math events\/opportunities to add to this page! Jump to a section: Advising, Mentorship and Support Get Involved How to read a Math Paper [&hellip;]<\/p>\n","protected":false},"author":2,"featured_media":0,"parent":0,"menu_order":0,"comment_status":"closed","ping_status":"closed","template":"","meta":{"inline_featured_image":false,"_monsterinsights_skip_tracking":false,"_monsterinsights_sitenote_active":false,"_monsterinsights_sitenote_note":"","_monsterinsights_sitenote_category":0,"footnotes":""},"class_list":["post-2001","page","type-page","status-publish","hentry"],"_links":{"self":[{"href":"https:\/\/diversityinmath.ssmu.ca\/fr\/wp-json\/wp\/v2\/pages\/2001","targetHints":{"allow":["GET"]}}],"collection":[{"href":"https:\/\/diversityinmath.ssmu.ca\/fr\/wp-json\/wp\/v2\/pages"}],"about":[{"href":"https:\/\/diversityinmath.ssmu.ca\/fr\/wp-json\/wp\/v2\/types\/page"}],"author":[{"embeddable":true,"href":"https:\/\/diversityinmath.ssmu.ca\/fr\/wp-json\/wp\/v2\/users\/2"}],"replies":[{"embeddable":true,"href":"https:\/\/diversityinmath.ssmu.ca\/fr\/wp-json\/wp\/v2\/comments?post=2001"}],"version-history":[{"count":7,"href":"https:\/\/diversityinmath.ssmu.ca\/fr\/wp-json\/wp\/v2\/pages\/2001\/revisions"}],"predecessor-version":[{"id":2438,"href":"https:\/\/diversityinmath.ssmu.ca\/fr\/wp-json\/wp\/v2\/pages\/2001\/revisions\/2438"}],"wp:attachment":[{"href":"https:\/\/diversityinmath.ssmu.ca\/fr\/wp-json\/wp\/v2\/media?parent=2001"}],"curies":[{"name":"wp","href":"https:\/\/api.w.org\/{rel}","templated":true}]}}