{"id":19,"date":"2021-06-05T22:00:23","date_gmt":"2021-06-05T22:00:23","guid":{"rendered":"https:\/\/diversityinmath.ssmu.ca\/?page_id=19"},"modified":"2026-03-24T16:18:17","modified_gmt":"2026-03-24T16:18:17","slug":"about","status":"publish","type":"page","link":"https:\/\/diversityinmath.ssmu.ca\/fr\/about\/","title":{"rendered":"\u00c0 propos"},"content":{"rendered":"<div class=\"wp-block-group alignwide has-background\" style=\"background-color:#ffffff\"><div class=\"wp-block-group__inner-container is-layout-flow wp-block-group-is-layout-flow\">\n<h2 class=\"wp-block-heading\">Notre mission<\/h2>\n\n\n\n<p>Nous sommes le club Diversit\u00e9 en Maths de l'Universit\u00e9 McGill et nous visons \u00e0 inspirer des personnes de tous horizons \u00e0 explorer et d\u00e9velopper leur passion pour les math\u00e9matiques.<\/p>\n\n\n\n<p>Nous nous effor\u00e7ons de cr\u00e9er une communaut\u00e9 inclusive qui favorise un environnement d'apprentissage ouvert en math\u00e9matiques pour les minorit\u00e9s et les alli\u00e9s sous-repr\u00e9sent\u00e9s. Notre mission est de fournir des opportunit\u00e9s de mentorat et de r\u00e9seautage pour encourager les \u00e9tudiants issus de milieux sous-repr\u00e9sent\u00e9s \u00e0 poursuivre des carri\u00e8res li\u00e9es aux math\u00e9matiques, ainsi que de sensibiliser \u00e0 la n\u00e9cessit\u00e9 d'une plus grande diversit\u00e9 en math\u00e9matiques.<\/p>\n\n\n\n<h2 class=\"wp-block-heading has-text-align-center\">Rencontrez notre \u00e9quipe!<\/h2>\n\n\n\n<h5 class=\"wp-block-heading has-text-align-center\"><strong>Fall 2025 &#8211; Winter 2026<\/strong><\/h5>\n\n\n\n<figure class=\"wp-block-image size-large\"><img loading=\"lazy\" decoding=\"async\" width=\"889\" height=\"667\" src=\"https:\/\/diversityinmath.ssmu.ca\/wp-content\/uploads\/2026\/03\/Image-from-iOS-1-edited.jpg\" alt=\"\" class=\"wp-image-2484\" srcset=\"https:\/\/diversityinmath.ssmu.ca\/wp-content\/uploads\/2026\/03\/Image-from-iOS-1-edited.jpg 889w, https:\/\/diversityinmath.ssmu.ca\/wp-content\/uploads\/2026\/03\/Image-from-iOS-1-edited-300x225.jpg 300w, https:\/\/diversityinmath.ssmu.ca\/wp-content\/uploads\/2026\/03\/Image-from-iOS-1-edited-768x576.jpg 768w, https:\/\/diversityinmath.ssmu.ca\/wp-content\/uploads\/2026\/03\/Image-from-iOS-1-edited-16x12.jpg 16w\" sizes=\"auto, (max-width: 889px) 100vw, 889px\" \/><figcaption class=\"wp-element-caption\"><em>Back row: <\/em><strong><em>Ashley<\/em><\/strong><strong><em>, Dimana, Mikayla, Amreen, Suelynn, Daniela, Anne, Louis, Olivia<\/em><\/strong><br><em>Front row: <strong>Dilan, Sara, <\/strong><\/em><strong><em>Dov<\/em><\/strong><strong><em>, Madelyn, Yejin, Claire<\/em><\/strong><br><\/figcaption><\/figure>\n\n\n\n<h5 class=\"has-text-align-center has-large-font-size\"><strong>Fall 2024 &#8211; Winter 2025<\/strong><\/h5>\n\n\n\n<figure class=\"wp-block-image size-large\"><img loading=\"lazy\" decoding=\"async\" width=\"1024\" height=\"643\" src=\"https:\/\/diversityinmath.ssmu.ca\/wp-content\/uploads\/2024\/10\/DiM-Webisite-Group-Photo-1024x643.png\" alt=\"\" class=\"wp-image-2296\" srcset=\"https:\/\/diversityinmath.ssmu.ca\/wp-content\/uploads\/2024\/10\/DiM-Webisite-Group-Photo-1024x643.png 1024w, https:\/\/diversityinmath.ssmu.ca\/wp-content\/uploads\/2024\/10\/DiM-Webisite-Group-Photo-300x188.png 300w, https:\/\/diversityinmath.ssmu.ca\/wp-content\/uploads\/2024\/10\/DiM-Webisite-Group-Photo-768x482.png 768w, https:\/\/diversityinmath.ssmu.ca\/wp-content\/uploads\/2024\/10\/DiM-Webisite-Group-Photo-1536x965.png 1536w, https:\/\/diversityinmath.ssmu.ca\/wp-content\/uploads\/2024\/10\/DiM-Webisite-Group-Photo-2048x1286.png 2048w, https:\/\/diversityinmath.ssmu.ca\/wp-content\/uploads\/2024\/10\/DiM-Webisite-Group-Photo-18x12.png 18w, https:\/\/diversityinmath.ssmu.ca\/wp-content\/uploads\/2024\/10\/DiM-Webisite-Group-Photo-1200x754.png 1200w, https:\/\/diversityinmath.ssmu.ca\/wp-content\/uploads\/2024\/10\/DiM-Webisite-Group-Photo-1980x1244.png 1980w\" sizes=\"auto, (max-width: 1024px) 100vw, 1024px\" \/><figcaption class=\"wp-element-caption\"><br><em>Back row: <\/em><strong><em>Leah, Angela, Suelynn, Allison, Amreen, Jessica, Agnes, Sherry, Paula<\/em><\/strong><br><em>Front row:<strong> Defne, Madelyn, <\/strong><\/em><strong><em>Louis, Sara, Daniela, Yejin, Claire<\/em><\/strong><br><br>Original picture: <em>The Mathematics Club of G\u00f6ttingen, 1902<\/em><\/figcaption><\/figure>\n\n\n\n<p class=\"has-text-align-center has-large-font-size\"><strong>Fall 2023 &#8211; Winter 2024<\/strong><\/p>\n\n\n\n<figure class=\"wp-block-image size-large\"><img loading=\"lazy\" decoding=\"async\" width=\"1024\" height=\"541\" src=\"https:\/\/diversityinmath.ssmu.ca\/wp-content\/uploads\/2023\/10\/group2023-2024-1024x541.png\" alt=\"\" class=\"wp-image-1894\" srcset=\"https:\/\/diversityinmath.ssmu.ca\/wp-content\/uploads\/2023\/10\/group2023-2024-1024x541.png 1024w, https:\/\/diversityinmath.ssmu.ca\/wp-content\/uploads\/2023\/10\/group2023-2024-300x158.png 300w, https:\/\/diversityinmath.ssmu.ca\/wp-content\/uploads\/2023\/10\/group2023-2024-768x406.png 768w, https:\/\/diversityinmath.ssmu.ca\/wp-content\/uploads\/2023\/10\/group2023-2024-1536x811.png 1536w, https:\/\/diversityinmath.ssmu.ca\/wp-content\/uploads\/2023\/10\/group2023-2024-2048x1082.png 2048w, https:\/\/diversityinmath.ssmu.ca\/wp-content\/uploads\/2023\/10\/group2023-2024-18x10.png 18w, https:\/\/diversityinmath.ssmu.ca\/wp-content\/uploads\/2023\/10\/group2023-2024-1200x634.png 1200w, https:\/\/diversityinmath.ssmu.ca\/wp-content\/uploads\/2023\/10\/group2023-2024-1980x1046.png 1980w\" sizes=\"auto, (max-width: 1024px) 100vw, 1024px\" \/><figcaption class=\"wp-element-caption\"><br><em>Back row:&nbsp;<\/em><strong><em>Catherine, Allison, Louis, Neelab, Oscar<\/em><\/strong><br><em>Middle row:&nbsp;<\/em><strong><em>Margaux, Sara, Alex, Tiffany W., Maddie<\/em><\/strong><br><em>Front row:&nbsp;<\/em><strong><em>Tiffany Y., Sherry, Agnes, Paula<\/em><\/strong><br><br><br><em>The original picture is of the <strong>Trinity Mathematical Society<\/strong>, founded by students at Cambridge in 1919 to <\/em>\u201cpromote the discussion of subjects of mathematical interest<em>\u201d. The society still exists and one can learn more about it on <a href=\"https:\/\/tms.soc.srcf.net\/about-the-tms\/\">their website.<\/a> The inspiration came from this <a href=\"https:\/\/www.ams.org\/publicoutreach\/feature-column\/fc-2020-12\">AMS feature column<\/a> about pseudonyms in math.<\/em><\/figcaption><\/figure>\n\n\n\n<p class=\"has-text-align-center has-large-font-size\"><strong>Fall 2022 &#8211; Winter 2023<\/strong><\/p>\n\n\n\n<figure class=\"wp-block-image size-large is-resized\"><img loading=\"lazy\" decoding=\"async\" width=\"1024\" height=\"633\" src=\"https:\/\/diversityinmath.ssmu.ca\/wp-content\/uploads\/2022\/10\/group-1024x633.png\" alt=\"\" class=\"wp-image-1223\" srcset=\"https:\/\/diversityinmath.ssmu.ca\/wp-content\/uploads\/2022\/10\/group-1024x633.png 1024w, https:\/\/diversityinmath.ssmu.ca\/wp-content\/uploads\/2022\/10\/group-300x185.png 300w, https:\/\/diversityinmath.ssmu.ca\/wp-content\/uploads\/2022\/10\/group-768x475.png 768w, https:\/\/diversityinmath.ssmu.ca\/wp-content\/uploads\/2022\/10\/group-1536x949.png 1536w, https:\/\/diversityinmath.ssmu.ca\/wp-content\/uploads\/2022\/10\/group-2048x1265.png 2048w, https:\/\/diversityinmath.ssmu.ca\/wp-content\/uploads\/2022\/10\/group-18x12.png 18w, https:\/\/diversityinmath.ssmu.ca\/wp-content\/uploads\/2022\/10\/group-1200x741.png 1200w, https:\/\/diversityinmath.ssmu.ca\/wp-content\/uploads\/2022\/10\/group-1980x1223.png 1980w\" sizes=\"auto, (max-width: 1024px) 100vw, 1024px\" \/><figcaption class=\"wp-element-caption\"><br><em>From back to front, left to right:<strong> <\/strong><\/em><br><br><em><strong>Alex, Carol, Agnes, Shereen, Mackenzie, Elinor, Tiffany Y., Zoe, Arpan, Tiffany W., Saumyaa, Catherine, Sara, Louis<\/strong><br><br>Original picture: the zeroeth International Congress of Mathematics in Chicago, 1893<br><br>Click <a rel=\"noreferrer noopener\" href=\"https:\/\/plus.maths.org\/content\/politics-and-transcendental-numbers\" target=\"_blank\">here<\/a> to learn more about maths and politics<\/em>!<\/figcaption><\/figure>\n\n\n\n<div style=\"height:33px\" aria-hidden=\"true\" class=\"wp-block-spacer\"><\/div>\n\n\n\n<p class=\"has-text-align-center has-large-font-size\"><strong>Fall 2021 &#8211; Winter 2022<\/strong><\/p>\n\n\n\n<figure class=\"wp-block-image size-large\"><img loading=\"lazy\" decoding=\"async\" width=\"1024\" height=\"576\" src=\"https:\/\/diversityinmath.ssmu.ca\/wp-content\/uploads\/2021\/09\/group-1024x576.png\" alt=\"\" class=\"wp-image-644\" srcset=\"https:\/\/diversityinmath.ssmu.ca\/wp-content\/uploads\/2021\/09\/group-1024x576.png 1024w, https:\/\/diversityinmath.ssmu.ca\/wp-content\/uploads\/2021\/09\/group-300x169.png 300w, https:\/\/diversityinmath.ssmu.ca\/wp-content\/uploads\/2021\/09\/group-768x432.png 768w, https:\/\/diversityinmath.ssmu.ca\/wp-content\/uploads\/2021\/09\/group-1536x864.png 1536w, https:\/\/diversityinmath.ssmu.ca\/wp-content\/uploads\/2021\/09\/group-2048x1152.png 2048w, https:\/\/diversityinmath.ssmu.ca\/wp-content\/uploads\/2021\/09\/group-18x10.png 18w, https:\/\/diversityinmath.ssmu.ca\/wp-content\/uploads\/2021\/09\/group-1200x675.png 1200w, https:\/\/diversityinmath.ssmu.ca\/wp-content\/uploads\/2021\/09\/group-1980x1114.png 1980w\" sizes=\"auto, (max-width: 1024px) 100vw, 1024px\" \/><figcaption class=\"wp-element-caption\"><br><em>From back to front, left to right:<\/em> <br><br><strong><em>Agnes, Ria, Coco, Sasha, Tiffany<\/em>, C<em>atherine, Mackenzie, Saumyaa<\/em><br><\/strong><br><em>Original picture: the group of mathematicians known under the pseudonym Nicolas Bourbaki<br><br>Click <a rel=\"noreferrer noopener\" href=\"https:\/\/www.quantamagazine.org\/inside-the-secret-math-society-known-as-nicolas-bourbaki-20201109\/\" target=\"_blank\">here<\/a> to learn more about this secret math society!<\/em><\/figcaption><\/figure>\n<\/div><\/div>","protected":false},"excerpt":{"rendered":"<p>Our Mission We are the Diversity in Math club at McGill University, and we aim to inspire people from all backgrounds to explore and develop their passion for mathematics. We strive to create an inclusive community that fosters an open learning environment in mathematics for underrepresented minorities and allies. Our mission is to provide mentorship [&hellip;]<\/p>\n","protected":false},"author":2,"featured_media":0,"parent":0,"menu_order":0,"comment_status":"closed","ping_status":"closed","template":"","meta":{"inline_featured_image":false,"_monsterinsights_skip_tracking":false,"_monsterinsights_sitenote_active":false,"_monsterinsights_sitenote_note":"","_monsterinsights_sitenote_category":0,"footnotes":""},"class_list":["post-19","page","type-page","status-publish","hentry"],"_links":{"self":[{"href":"https:\/\/diversityinmath.ssmu.ca\/fr\/wp-json\/wp\/v2\/pages\/19","targetHints":{"allow":["GET"]}}],"collection":[{"href":"https:\/\/diversityinmath.ssmu.ca\/fr\/wp-json\/wp\/v2\/pages"}],"about":[{"href":"https:\/\/diversityinmath.ssmu.ca\/fr\/wp-json\/wp\/v2\/types\/page"}],"author":[{"embeddable":true,"href":"https:\/\/diversityinmath.ssmu.ca\/fr\/wp-json\/wp\/v2\/users\/2"}],"replies":[{"embeddable":true,"href":"https:\/\/diversityinmath.ssmu.ca\/fr\/wp-json\/wp\/v2\/comments?post=19"}],"version-history":[{"count":40,"href":"https:\/\/diversityinmath.ssmu.ca\/fr\/wp-json\/wp\/v2\/pages\/19\/revisions"}],"predecessor-version":[{"id":2486,"href":"https:\/\/diversityinmath.ssmu.ca\/fr\/wp-json\/wp\/v2\/pages\/19\/revisions\/2486"}],"wp:attachment":[{"href":"https:\/\/diversityinmath.ssmu.ca\/fr\/wp-json\/wp\/v2\/media?parent=19"}],"curies":[{"name":"wp","href":"https:\/\/api.w.org\/{rel}","templated":true}]}}