{"id":18,"date":"2021-06-05T21:59:44","date_gmt":"2021-06-05T21:59:44","guid":{"rendered":"https:\/\/diversityinmath.ssmu.ca\/?page_id=18"},"modified":"2026-02-04T19:51:52","modified_gmt":"2026-02-04T19:51:52","slug":"mcgill-diversity-in-math","status":"publish","type":"page","link":"https:\/\/diversityinmath.ssmu.ca\/fr\/","title":{"rendered":"McGill Diversit\u00e9 en Maths"},"content":{"rendered":"<div class=\"wp-block-group alignwide has-white-background-color has-background\"><div class=\"wp-block-group__inner-container is-layout-flow wp-block-group-is-layout-flow\">\n<p class=\"has-text-align-center has-white-background-color has-background has-normal-font-size\">Nous sommes le club Diversit\u00e9 en Maths de l'Universit\u00e9 McGill et nous visons \u00e0 inspirer des personnes de tous horizons \u00e0 explorer et d\u00e9velopper leur passion pour les math\u00e9matiques.<\/p>\n\n\n\n<div class=\"wp-block-buttons alignwide is-content-justification-center is-layout-flex wp-container-core-buttons-is-layout-16018d1d wp-block-buttons-is-layout-flex\">\n<div class=\"wp-block-button has-custom-width wp-block-button__width-50\"><a class=\"wp-block-button__link has-text-color has-background wp-element-button\" href=\"https:\/\/forms.gle\/U2WnE6pyH7TX2UV68\" style=\"color:#ffffff;background-color:#ec1c14\" target=\"_blank\" rel=\"noreferrer noopener\">Rejoignez-nous<\/a><\/div>\n<\/div>\n<\/div><\/div>\n\n\n\n<div style=\"height:10px\" aria-hidden=\"true\" class=\"wp-block-spacer\"><\/div>\n\n\n\n<div class=\"wp-block-group alignwide has-primary-color has-text-color has-background\" style=\"background-color:#ffffff\"><div class=\"wp-block-group__inner-container is-layout-flow wp-block-group-is-layout-flow\">\n<h2 class=\"wp-block-heading\" id=\"news-upcoming-events\">News\/Upcoming Events<\/h2>\n\n\n\n<div class=\"wp-block-columns is-layout-flex wp-container-core-columns-is-layout-9d6595d7 wp-block-columns-is-layout-flex\">\n<div class=\"wp-block-column is-layout-flow wp-block-column-is-layout-flow\"><\/div>\n<\/div>\n\n\n\n<div class=\"wp-block-columns is-layout-flex wp-container-core-columns-is-layout-9d6595d7 wp-block-columns-is-layout-flex\">\n<div class=\"wp-block-column is-layout-flow wp-block-column-is-layout-flow\">\n<div class=\"wp-block-cover is-light has-custom-content-position is-position-top-left\" style=\"min-height:290px;aspect-ratio:unset;\"><img loading=\"lazy\" decoding=\"async\" width=\"1151\" height=\"630\" class=\"wp-block-cover__image-background wp-image-1808\" alt=\"\" src=\"https:\/\/diversityinmath.ssmu.ca\/wp-content\/uploads\/2023\/09\/375932822_618977433751570_102099723774268976_n-1.jpg\" data-object-fit=\"cover\" srcset=\"https:\/\/diversityinmath.ssmu.ca\/wp-content\/uploads\/2023\/09\/375932822_618977433751570_102099723774268976_n-1.jpg 1151w, https:\/\/diversityinmath.ssmu.ca\/wp-content\/uploads\/2023\/09\/375932822_618977433751570_102099723774268976_n-1-300x164.jpg 300w, https:\/\/diversityinmath.ssmu.ca\/wp-content\/uploads\/2023\/09\/375932822_618977433751570_102099723774268976_n-1-1024x560.jpg 1024w, https:\/\/diversityinmath.ssmu.ca\/wp-content\/uploads\/2023\/09\/375932822_618977433751570_102099723774268976_n-1-768x420.jpg 768w, https:\/\/diversityinmath.ssmu.ca\/wp-content\/uploads\/2023\/09\/375932822_618977433751570_102099723774268976_n-1-18x10.jpg 18w\" sizes=\"auto, (max-width: 1151px) 100vw, 1151px\" \/><span aria-hidden=\"true\" class=\"wp-block-cover__background has-background-dim-0 has-background-dim\"><\/span><div class=\"wp-block-cover__inner-container is-layout-constrained wp-block-cover-is-layout-constrained\">\n<h5 class=\"wp-block-heading has-text-align-left has-large-font-size\"><a href=\"https:\/\/diversityinmath.ssmu.ca\/fr\/events\/#study-night\" data-type=\"page\" data-id=\"64\">Weekly Study Nights<\/a><\/h5>\n<\/div><\/div>\n<\/div>\n<\/div>\n\n\n\n<div class=\"wp-block-columns is-layout-flex wp-container-core-columns-is-layout-9d6595d7 wp-block-columns-is-layout-flex\">\n<div class=\"wp-block-column is-layout-flow wp-block-column-is-layout-flow\">\n<div class=\"wp-block-cover is-light\" style=\"min-height:290px;aspect-ratio:unset;\"><img loading=\"lazy\" decoding=\"async\" width=\"1083\" height=\"1075\" class=\"wp-block-cover__image-background wp-image-1106\" alt=\"\" src=\"https:\/\/diversityinmath.ssmu.ca\/wp-content\/uploads\/2022\/09\/Screen-Shot-2022-09-13-at-10.33.42-PM-1.png\" data-object-fit=\"cover\" srcset=\"https:\/\/diversityinmath.ssmu.ca\/wp-content\/uploads\/2022\/09\/Screen-Shot-2022-09-13-at-10.33.42-PM-1.png 1083w, https:\/\/diversityinmath.ssmu.ca\/wp-content\/uploads\/2022\/09\/Screen-Shot-2022-09-13-at-10.33.42-PM-1-300x298.png 300w, https:\/\/diversityinmath.ssmu.ca\/wp-content\/uploads\/2022\/09\/Screen-Shot-2022-09-13-at-10.33.42-PM-1-1024x1016.png 1024w, https:\/\/diversityinmath.ssmu.ca\/wp-content\/uploads\/2022\/09\/Screen-Shot-2022-09-13-at-10.33.42-PM-1-150x150.png 150w, https:\/\/diversityinmath.ssmu.ca\/wp-content\/uploads\/2022\/09\/Screen-Shot-2022-09-13-at-10.33.42-PM-1-768x762.png 768w, https:\/\/diversityinmath.ssmu.ca\/wp-content\/uploads\/2022\/09\/Screen-Shot-2022-09-13-at-10.33.42-PM-1-12x12.png 12w\" sizes=\"auto, (max-width: 1083px) 100vw, 1083px\" \/><span aria-hidden=\"true\" class=\"wp-block-cover__background has-background-dim-0 has-background-dim\" style=\"background-color:#fffadf\"><\/span><div class=\"wp-block-cover__inner-container is-layout-flow wp-block-cover-is-layout-flow\">\n<p class=\"has-text-align-center has-normal-font-size\">Follow us on: <\/p>\n\n\n\n<p class=\"has-text-align-center has-normal-font-size\"><a href=\"https:\/\/www.instagram.com\/mcgilldiversityinmath\/\" target=\"_blank\" rel=\"noreferrer noopener\">Instagram<\/a> and <a href=\"http:\/\/www.facebook.com\/mcgilldiversityinmath\" data-type=\"link\" data-id=\"www.facebook.com\/mcgilldiversityinmath\" target=\"_blank\" rel=\"noreferrer noopener\">Facebook<\/a>! <\/p>\n\n\n\n<p class=\"has-text-align-center has-normal-font-size\">(@mcgilldiversityinmath) <\/p>\n<\/div><\/div>\n<\/div>\n<\/div>\n<\/div><\/div>\n\n\n\n<div style=\"height:10px\" aria-hidden=\"true\" class=\"wp-block-spacer\"><\/div>\n\n\n\n<div class=\"wp-block-group alignwide has-background\" style=\"background-color:#ffffff\"><div class=\"wp-block-group__inner-container is-layout-flow wp-block-group-is-layout-flow\">\n<h5 class=\"wp-block-heading has-text-align-center has-normal-font-size\" id=\"sign-up-for-monthly-newsletters-and-become-a-member-of-our-club\">Inscrivez-vous \u00e0 nos bulletins mensuelles et devenez membre de notre club!<\/h5>\n\n\n\n<div class=\"wp-block-buttons adj-button is-layout-flex wp-block-buttons-is-layout-flex\">\n<div class=\"wp-block-button\"><a class=\"wp-block-button__link has-text-color has-background wp-element-button\" href=\"https:\/\/forms.gle\/U2WnE6pyH7TX2UV68\" style=\"color:#ffffff;background-color:#ec1c14\" target=\"_blank\" rel=\"noreferrer noopener\">Abonnez-vous \u00e0 notre newsletter<\/a><\/div>\n<\/div>\n\n\n\n<div class=\"wp-block-buttons adj-button is-layout-flex wp-block-buttons-is-layout-flex\">\n<div class=\"wp-block-button\"><a class=\"wp-block-button__link has-text-color has-background wp-element-button\" href=\"https:\/\/mailchi.mp\/6c265eeb569e\/diversity-in-math-listserv-10599417?e=a92989864d\" style=\"color:#ffffff;background-color:#ec1c14\" target=\"_blank\" rel=\"noreferrer noopener\">Read OUr february 2026 Newsletter!<\/a><\/div>\n<\/div>\n<\/div><\/div>\n\n\n\n<p><\/p>","protected":false},"excerpt":{"rendered":"<p>We are the Diversity in Math club at McGill University, and we aim to inspire people from all backgrounds to explore and develop their passion for mathematics. News\/Upcoming Events Sign-up for monthly newsletters and become a member of our club!<\/p>","protected":false},"author":2,"featured_media":578,"parent":0,"menu_order":0,"comment_status":"closed","ping_status":"closed","template":"","meta":{"inline_featured_image":false,"_monsterinsights_skip_tracking":false,"_monsterinsights_sitenote_active":false,"_monsterinsights_sitenote_note":"","_monsterinsights_sitenote_category":0,"footnotes":""},"class_list":["post-18","page","type-page","status-publish","has-post-thumbnail","hentry"],"_links":{"self":[{"href":"https:\/\/diversityinmath.ssmu.ca\/fr\/wp-json\/wp\/v2\/pages\/18","targetHints":{"allow":["GET"]}}],"collection":[{"href":"https:\/\/diversityinmath.ssmu.ca\/fr\/wp-json\/wp\/v2\/pages"}],"about":[{"href":"https:\/\/diversityinmath.ssmu.ca\/fr\/wp-json\/wp\/v2\/types\/page"}],"author":[{"embeddable":true,"href":"https:\/\/diversityinmath.ssmu.ca\/fr\/wp-json\/wp\/v2\/users\/2"}],"replies":[{"embeddable":true,"href":"https:\/\/diversityinmath.ssmu.ca\/fr\/wp-json\/wp\/v2\/comments?post=18"}],"version-history":[{"count":438,"href":"https:\/\/diversityinmath.ssmu.ca\/fr\/wp-json\/wp\/v2\/pages\/18\/revisions"}],"predecessor-version":[{"id":2462,"href":"https:\/\/diversityinmath.ssmu.ca\/fr\/wp-json\/wp\/v2\/pages\/18\/revisions\/2462"}],"wp:featuredmedia":[{"embeddable":true,"href":"https:\/\/diversityinmath.ssmu.ca\/fr\/wp-json\/wp\/v2\/media\/578"}],"wp:attachment":[{"href":"https:\/\/diversityinmath.ssmu.ca\/fr\/wp-json\/wp\/v2\/media?parent=18"}],"curies":[{"name":"wp","href":"https:\/\/api.w.org\/{rel}","templated":true}]}}